{"id":1514,"date":"2020-09-01T18:00:06","date_gmt":"2020-09-01T18:00:06","guid":{"rendered":"https:\/\/fedeco.eu\/contact\/"},"modified":"2021-01-25T17:09:26","modified_gmt":"2021-01-25T15:09:26","slug":"como-podemos-ayudarle","status":"publish","type":"page","link":"https:\/\/fedeco.eu\/es\/como-podemos-ayudarle\/","title":{"rendered":"\u00bfC\u00f3mo podemos ayudarle?"},"content":{"rendered":"<p><span style=\"font-weight: 400;\">\u00bfQuiere saber m\u00e1s sobre lo que Fedeco le puede ofrecer? Env\u00edenos un correo electr\u00f3nico o ll\u00e1menos para obtener m\u00e1s informaci\u00f3n o para una primera toma de contacto. Estaremos encantados de atenderle y ver c\u00f3mo podemos estar a su servicio con nuestra gama de productos frescos congelados.<\/span><\/p>\n","protected":false},"excerpt":{"rendered":"<p>Deseja saber mais sobre tudo aquilo que a Fedeco tem para oferecer? Envie-nos um e-mail ou contacte-nos por telefone para obter mais informa\u00e7\u00e3o, ou ent\u00e3o envie-nos os seus dados atrav\u00e9s do formul\u00e1rio em anexo. Teremos todo o prazer em discutir consigo como podemos ser \u00fateis atrav\u00e9s da nossa gama de produtos frescos ultracongelados.<\/p>\n","protected":false},"author":1,"featured_media":1516,"parent":0,"menu_order":60,"comment_status":"closed","ping_status":"closed","template":"templates\/template-contact.php","meta":{"inline_featured_image":false,"footnotes":""},"class_list":["post-1514","page","type-page","status-publish","has-post-thumbnail","hentry"],"yoast_head":"<!-- This site is optimized with the Yoast SEO plugin v27.3 - https:\/\/yoast.com\/product\/yoast-seo-wordpress\/ -->\n<title>\u00bfC\u00f3mo podemos ayudarle? - Fedeco<\/title>\n<meta name=\"description\" content=\"Deseja saber mais sobre tudo aquilo que a Fedeco tem para oferecer? Envie-nos um e-mail ou contacte-nos por telefone para obter mais informa\u00e7\u00e3o, ou ent\u00e3o envie-nos os seus dados atrav\u00e9s do formul\u00e1rio em anexo.\" \/>\n<meta name=\"robots\" content=\"index, follow, max-snippet:-1, max-image-preview:large, max-video-preview:-1\" \/>\n<link rel=\"canonical\" href=\"https:\/\/fedeco.eu\/es\/como-podemos-ayudarle\/\" \/>\n<meta property=\"og:locale\" content=\"es_ES\" \/>\n<meta property=\"og:type\" content=\"article\" \/>\n<meta property=\"og:title\" content=\"\u00bfC\u00f3mo podemos ayudarle? - Fedeco\" \/>\n<meta property=\"og:description\" content=\"Deseja saber mais sobre tudo aquilo que a Fedeco tem para oferecer? Envie-nos um e-mail ou contacte-nos por telefone para obter mais informa\u00e7\u00e3o, ou ent\u00e3o envie-nos os seus dados atrav\u00e9s do formul\u00e1rio em anexo.\" \/>\n<meta property=\"og:url\" content=\"https:\/\/fedeco.eu\/es\/como-podemos-ayudarle\/\" \/>\n<meta property=\"og:site_name\" content=\"Fedeco\" \/>\n<meta property=\"article:modified_time\" content=\"2021-01-25T15:09:26+00:00\" \/>\n<meta property=\"og:image\" content=\"https:\/\/fedeco.eu\/wp-content\/uploads\/2020\/10\/connect-with-us.jpg\" \/>\n\t<meta property=\"og:image:width\" content=\"2560\" \/>\n\t<meta property=\"og:image:height\" content=\"1440\" \/>\n\t<meta property=\"og:image:type\" content=\"image\/jpeg\" \/>\n<meta name=\"twitter:card\" content=\"summary_large_image\" \/>\n<script type=\"application\/ld+json\" class=\"yoast-schema-graph\">{\"@context\":\"https:\\\/\\\/schema.org\",\"@graph\":[{\"@type\":\"WebPage\",\"@id\":\"https:\\\/\\\/fedeco.eu\\\/es\\\/como-podemos-ayudarle\\\/\",\"url\":\"https:\\\/\\\/fedeco.eu\\\/es\\\/como-podemos-ayudarle\\\/\",\"name\":\"\u00bfC\u00f3mo podemos ayudarle? - Fedeco\",\"isPartOf\":{\"@id\":\"https:\\\/\\\/fedeco.eu\\\/#website\"},\"primaryImageOfPage\":{\"@id\":\"https:\\\/\\\/fedeco.eu\\\/es\\\/como-podemos-ayudarle\\\/#primaryimage\"},\"image\":{\"@id\":\"https:\\\/\\\/fedeco.eu\\\/es\\\/como-podemos-ayudarle\\\/#primaryimage\"},\"thumbnailUrl\":\"https:\\\/\\\/fedeco.eu\\\/wp-content\\\/uploads\\\/2020\\\/10\\\/connect-with-us.jpg\",\"datePublished\":\"2020-09-01T18:00:06+00:00\",\"dateModified\":\"2021-01-25T15:09:26+00:00\",\"description\":\"Deseja saber mais sobre tudo aquilo que a Fedeco tem para oferecer? Envie-nos um e-mail ou contacte-nos por telefone para obter mais informa\u00e7\u00e3o, ou ent\u00e3o envie-nos os seus dados atrav\u00e9s do formul\u00e1rio em anexo.\",\"breadcrumb\":{\"@id\":\"https:\\\/\\\/fedeco.eu\\\/es\\\/como-podemos-ayudarle\\\/#breadcrumb\"},\"inLanguage\":\"es\",\"potentialAction\":[{\"@type\":\"ReadAction\",\"target\":[\"https:\\\/\\\/fedeco.eu\\\/es\\\/como-podemos-ayudarle\\\/\"]}]},{\"@type\":\"ImageObject\",\"inLanguage\":\"es\",\"@id\":\"https:\\\/\\\/fedeco.eu\\\/es\\\/como-podemos-ayudarle\\\/#primaryimage\",\"url\":\"https:\\\/\\\/fedeco.eu\\\/wp-content\\\/uploads\\\/2020\\\/10\\\/connect-with-us.jpg\",\"contentUrl\":\"https:\\\/\\\/fedeco.eu\\\/wp-content\\\/uploads\\\/2020\\\/10\\\/connect-with-us.jpg\",\"width\":2560,\"height\":1440},{\"@type\":\"BreadcrumbList\",\"@id\":\"https:\\\/\\\/fedeco.eu\\\/es\\\/como-podemos-ayudarle\\\/#breadcrumb\",\"itemListElement\":[{\"@type\":\"ListItem\",\"position\":1,\"name\":\"Home\",\"item\":\"https:\\\/\\\/fedeco.eu\\\/es\\\/\"},{\"@type\":\"ListItem\",\"position\":2,\"name\":\"\u00bfC\u00f3mo podemos ayudarle?\"}]},{\"@type\":\"WebSite\",\"@id\":\"https:\\\/\\\/fedeco.eu\\\/#website\",\"url\":\"https:\\\/\\\/fedeco.eu\\\/\",\"name\":\"Fedeco\",\"description\":\"In food we trust\",\"potentialAction\":[{\"@type\":\"SearchAction\",\"target\":{\"@type\":\"EntryPoint\",\"urlTemplate\":\"https:\\\/\\\/fedeco.eu\\\/?s={search_term_string}\"},\"query-input\":{\"@type\":\"PropertyValueSpecification\",\"valueRequired\":true,\"valueName\":\"search_term_string\"}}],\"inLanguage\":\"es\"}]}<\/script>\n<!-- \/ Yoast SEO plugin. -->","yoast_head_json":{"title":"\u00bfC\u00f3mo podemos ayudarle? - Fedeco","description":"Deseja saber mais sobre tudo aquilo que a Fedeco tem para oferecer? Envie-nos um e-mail ou contacte-nos por telefone para obter mais informa\u00e7\u00e3o, ou ent\u00e3o envie-nos os seus dados atrav\u00e9s do formul\u00e1rio em anexo.","robots":{"index":"index","follow":"follow","max-snippet":"max-snippet:-1","max-image-preview":"max-image-preview:large","max-video-preview":"max-video-preview:-1"},"canonical":"https:\/\/fedeco.eu\/es\/como-podemos-ayudarle\/","og_locale":"es_ES","og_type":"article","og_title":"\u00bfC\u00f3mo podemos ayudarle? - Fedeco","og_description":"Deseja saber mais sobre tudo aquilo que a Fedeco tem para oferecer? Envie-nos um e-mail ou contacte-nos por telefone para obter mais informa\u00e7\u00e3o, ou ent\u00e3o envie-nos os seus dados atrav\u00e9s do formul\u00e1rio em anexo.","og_url":"https:\/\/fedeco.eu\/es\/como-podemos-ayudarle\/","og_site_name":"Fedeco","article_modified_time":"2021-01-25T15:09:26+00:00","og_image":[{"width":2560,"height":1440,"url":"https:\/\/fedeco.eu\/wp-content\/uploads\/2020\/10\/connect-with-us.jpg","type":"image\/jpeg"}],"twitter_card":"summary_large_image","schema":{"@context":"https:\/\/schema.org","@graph":[{"@type":"WebPage","@id":"https:\/\/fedeco.eu\/es\/como-podemos-ayudarle\/","url":"https:\/\/fedeco.eu\/es\/como-podemos-ayudarle\/","name":"\u00bfC\u00f3mo podemos ayudarle? - Fedeco","isPartOf":{"@id":"https:\/\/fedeco.eu\/#website"},"primaryImageOfPage":{"@id":"https:\/\/fedeco.eu\/es\/como-podemos-ayudarle\/#primaryimage"},"image":{"@id":"https:\/\/fedeco.eu\/es\/como-podemos-ayudarle\/#primaryimage"},"thumbnailUrl":"https:\/\/fedeco.eu\/wp-content\/uploads\/2020\/10\/connect-with-us.jpg","datePublished":"2020-09-01T18:00:06+00:00","dateModified":"2021-01-25T15:09:26+00:00","description":"Deseja saber mais sobre tudo aquilo que a Fedeco tem para oferecer? Envie-nos um e-mail ou contacte-nos por telefone para obter mais informa\u00e7\u00e3o, ou ent\u00e3o envie-nos os seus dados atrav\u00e9s do formul\u00e1rio em anexo.","breadcrumb":{"@id":"https:\/\/fedeco.eu\/es\/como-podemos-ayudarle\/#breadcrumb"},"inLanguage":"es","potentialAction":[{"@type":"ReadAction","target":["https:\/\/fedeco.eu\/es\/como-podemos-ayudarle\/"]}]},{"@type":"ImageObject","inLanguage":"es","@id":"https:\/\/fedeco.eu\/es\/como-podemos-ayudarle\/#primaryimage","url":"https:\/\/fedeco.eu\/wp-content\/uploads\/2020\/10\/connect-with-us.jpg","contentUrl":"https:\/\/fedeco.eu\/wp-content\/uploads\/2020\/10\/connect-with-us.jpg","width":2560,"height":1440},{"@type":"BreadcrumbList","@id":"https:\/\/fedeco.eu\/es\/como-podemos-ayudarle\/#breadcrumb","itemListElement":[{"@type":"ListItem","position":1,"name":"Home","item":"https:\/\/fedeco.eu\/es\/"},{"@type":"ListItem","position":2,"name":"\u00bfC\u00f3mo podemos ayudarle?"}]},{"@type":"WebSite","@id":"https:\/\/fedeco.eu\/#website","url":"https:\/\/fedeco.eu\/","name":"Fedeco","description":"In food we trust","potentialAction":[{"@type":"SearchAction","target":{"@type":"EntryPoint","urlTemplate":"https:\/\/fedeco.eu\/?s={search_term_string}"},"query-input":{"@type":"PropertyValueSpecification","valueRequired":true,"valueName":"search_term_string"}}],"inLanguage":"es"}]}},"_links":{"self":[{"href":"https:\/\/fedeco.eu\/es\/wp-json\/wp\/v2\/pages\/1514","targetHints":{"allow":["GET"]}}],"collection":[{"href":"https:\/\/fedeco.eu\/es\/wp-json\/wp\/v2\/pages"}],"about":[{"href":"https:\/\/fedeco.eu\/es\/wp-json\/wp\/v2\/types\/page"}],"author":[{"embeddable":true,"href":"https:\/\/fedeco.eu\/es\/wp-json\/wp\/v2\/users\/1"}],"replies":[{"embeddable":true,"href":"https:\/\/fedeco.eu\/es\/wp-json\/wp\/v2\/comments?post=1514"}],"version-history":[{"count":4,"href":"https:\/\/fedeco.eu\/es\/wp-json\/wp\/v2\/pages\/1514\/revisions"}],"predecessor-version":[{"id":2754,"href":"https:\/\/fedeco.eu\/es\/wp-json\/wp\/v2\/pages\/1514\/revisions\/2754"}],"wp:featuredmedia":[{"embeddable":true,"href":"https:\/\/fedeco.eu\/es\/wp-json\/wp\/v2\/media\/1516"}],"wp:attachment":[{"href":"https:\/\/fedeco.eu\/es\/wp-json\/wp\/v2\/media?parent=1514"}],"curies":[{"name":"wp","href":"https:\/\/api.w.org\/{rel}","templated":true}]}}