{"id":1578,"date":"2020-09-01T17:58:40","date_gmt":"2020-09-01T17:58:40","guid":{"rendered":"https:\/\/fedeco.eu\/team\/"},"modified":"2021-01-25T17:09:12","modified_gmt":"2021-01-25T15:09:12","slug":"equipo","status":"publish","type":"page","link":"https:\/\/fedeco.eu\/es\/equipo\/","title":{"rendered":"Equipo"},"content":{"rendered":"<p>Fedeco es una aut\u00e9ntica empresa familiar con una marcada pol\u00edtica a largo plazo. Atribuimos una gran importancia a nuestras relaciones de muchos a\u00f1os con los clientes y proveedores. Trabajando conjuntamente, no hay metas que se nos resistan. Nuestro s\u00f3lido equipo se compone de profesionales con un profundo conocimiento y pasi\u00f3n por la alimentaci\u00f3n y la log\u00edstica. Estamos comprometidos con su negocio diario, en cuerpo y alma. Pero no sin mirar hacia adelante en todo momento. Seguimos de cerca las tendencias alimentarias internacionales y las incorporamos de forma proactiva a nuestros servicios. Con frecuencia presentamos nuestras propias innovaciones. De este modo, disponemos de productos que responden a la perfecci\u00f3n con los deseos presentes y futuros de los consumidores.<\/p>\n","protected":false},"excerpt":{"rendered":"<p>Fedeco es una aut\u00e9ntica empresa familiar con una marcada pol\u00edtica a largo plazo. Atribuimos una gran importancia a nuestras relaciones de muchos a\u00f1os con los clientes y proveedores. Trabajando conjuntamente, no hay metas que se nos resistan. Nuestro s\u00f3lido equipo se compone de profesionales con un profundo conocimiento y pasi\u00f3n por la alimentaci\u00f3n y la<\/p>\n","protected":false},"author":1,"featured_media":1588,"parent":0,"menu_order":40,"comment_status":"closed","ping_status":"closed","template":"templates\/template-team.php","meta":{"inline_featured_image":false,"footnotes":""},"class_list":["post-1578","page","type-page","status-publish","has-post-thumbnail","hentry"],"yoast_head":"<!-- This site is optimized with the Yoast SEO plugin v27.3 - https:\/\/yoast.com\/product\/yoast-seo-wordpress\/ -->\n<title>Equipo - Fedeco<\/title>\n<meta name=\"description\" content=\"Fedeco es una aut\u00e9ntica empresa familiar con una marcada pol\u00edtica a largo plazo. Atribuimos una gran importancia a nuestras relaciones de muchos a\u00f1os con los clientes y proveedores.\" \/>\n<meta name=\"robots\" content=\"index, follow, max-snippet:-1, max-image-preview:large, max-video-preview:-1\" \/>\n<link rel=\"canonical\" href=\"https:\/\/fedeco.eu\/es\/equipo\/\" \/>\n<meta property=\"og:locale\" content=\"es_ES\" \/>\n<meta property=\"og:type\" content=\"article\" \/>\n<meta property=\"og:title\" content=\"Equipo - Fedeco\" \/>\n<meta property=\"og:description\" content=\"Fedeco es una aut\u00e9ntica empresa familiar con una marcada pol\u00edtica a largo plazo. Atribuimos una gran importancia a nuestras relaciones de muchos a\u00f1os con los clientes y proveedores.\" \/>\n<meta property=\"og:url\" content=\"https:\/\/fedeco.eu\/es\/equipo\/\" \/>\n<meta property=\"og:site_name\" content=\"Fedeco\" \/>\n<meta property=\"article:modified_time\" content=\"2021-01-25T15:09:12+00:00\" \/>\n<meta property=\"og:image\" content=\"https:\/\/fedeco.eu\/wp-content\/uploads\/2020\/10\/teamkopie.jpg\" \/>\n\t<meta property=\"og:image:width\" content=\"2560\" \/>\n\t<meta property=\"og:image:height\" content=\"1120\" \/>\n\t<meta property=\"og:image:type\" content=\"image\/jpeg\" \/>\n<meta name=\"twitter:card\" content=\"summary_large_image\" \/>\n<meta name=\"twitter:label1\" content=\"Tiempo de lectura\" \/>\n\t<meta name=\"twitter:data1\" content=\"1 minuto\" \/>\n<script type=\"application\/ld+json\" class=\"yoast-schema-graph\">{\"@context\":\"https:\\\/\\\/schema.org\",\"@graph\":[{\"@type\":\"WebPage\",\"@id\":\"https:\\\/\\\/fedeco.eu\\\/es\\\/equipo\\\/\",\"url\":\"https:\\\/\\\/fedeco.eu\\\/es\\\/equipo\\\/\",\"name\":\"Equipo - Fedeco\",\"isPartOf\":{\"@id\":\"https:\\\/\\\/fedeco.eu\\\/#website\"},\"primaryImageOfPage\":{\"@id\":\"https:\\\/\\\/fedeco.eu\\\/es\\\/equipo\\\/#primaryimage\"},\"image\":{\"@id\":\"https:\\\/\\\/fedeco.eu\\\/es\\\/equipo\\\/#primaryimage\"},\"thumbnailUrl\":\"https:\\\/\\\/fedeco.eu\\\/wp-content\\\/uploads\\\/2020\\\/10\\\/teamkopie.jpg\",\"datePublished\":\"2020-09-01T17:58:40+00:00\",\"dateModified\":\"2021-01-25T15:09:12+00:00\",\"description\":\"Fedeco es una aut\u00e9ntica empresa familiar con una marcada pol\u00edtica a largo plazo. Atribuimos una gran importancia a nuestras relaciones de muchos a\u00f1os con los clientes y proveedores.\",\"breadcrumb\":{\"@id\":\"https:\\\/\\\/fedeco.eu\\\/es\\\/equipo\\\/#breadcrumb\"},\"inLanguage\":\"es\",\"potentialAction\":[{\"@type\":\"ReadAction\",\"target\":[\"https:\\\/\\\/fedeco.eu\\\/es\\\/equipo\\\/\"]}]},{\"@type\":\"ImageObject\",\"inLanguage\":\"es\",\"@id\":\"https:\\\/\\\/fedeco.eu\\\/es\\\/equipo\\\/#primaryimage\",\"url\":\"https:\\\/\\\/fedeco.eu\\\/wp-content\\\/uploads\\\/2020\\\/10\\\/teamkopie.jpg\",\"contentUrl\":\"https:\\\/\\\/fedeco.eu\\\/wp-content\\\/uploads\\\/2020\\\/10\\\/teamkopie.jpg\",\"width\":2560,\"height\":1120},{\"@type\":\"BreadcrumbList\",\"@id\":\"https:\\\/\\\/fedeco.eu\\\/es\\\/equipo\\\/#breadcrumb\",\"itemListElement\":[{\"@type\":\"ListItem\",\"position\":1,\"name\":\"Home\",\"item\":\"https:\\\/\\\/fedeco.eu\\\/es\\\/\"},{\"@type\":\"ListItem\",\"position\":2,\"name\":\"Equipo\"}]},{\"@type\":\"WebSite\",\"@id\":\"https:\\\/\\\/fedeco.eu\\\/#website\",\"url\":\"https:\\\/\\\/fedeco.eu\\\/\",\"name\":\"Fedeco\",\"description\":\"In food we trust\",\"potentialAction\":[{\"@type\":\"SearchAction\",\"target\":{\"@type\":\"EntryPoint\",\"urlTemplate\":\"https:\\\/\\\/fedeco.eu\\\/?s={search_term_string}\"},\"query-input\":{\"@type\":\"PropertyValueSpecification\",\"valueRequired\":true,\"valueName\":\"search_term_string\"}}],\"inLanguage\":\"es\"}]}<\/script>\n<!-- \/ Yoast SEO plugin. -->","yoast_head_json":{"title":"Equipo - Fedeco","description":"Fedeco es una aut\u00e9ntica empresa familiar con una marcada pol\u00edtica a largo plazo. Atribuimos una gran importancia a nuestras relaciones de muchos a\u00f1os con los clientes y proveedores.","robots":{"index":"index","follow":"follow","max-snippet":"max-snippet:-1","max-image-preview":"max-image-preview:large","max-video-preview":"max-video-preview:-1"},"canonical":"https:\/\/fedeco.eu\/es\/equipo\/","og_locale":"es_ES","og_type":"article","og_title":"Equipo - Fedeco","og_description":"Fedeco es una aut\u00e9ntica empresa familiar con una marcada pol\u00edtica a largo plazo. Atribuimos una gran importancia a nuestras relaciones de muchos a\u00f1os con los clientes y proveedores.","og_url":"https:\/\/fedeco.eu\/es\/equipo\/","og_site_name":"Fedeco","article_modified_time":"2021-01-25T15:09:12+00:00","og_image":[{"width":2560,"height":1120,"url":"https:\/\/fedeco.eu\/wp-content\/uploads\/2020\/10\/teamkopie.jpg","type":"image\/jpeg"}],"twitter_card":"summary_large_image","twitter_misc":{"Tiempo de lectura":"1 minuto"},"schema":{"@context":"https:\/\/schema.org","@graph":[{"@type":"WebPage","@id":"https:\/\/fedeco.eu\/es\/equipo\/","url":"https:\/\/fedeco.eu\/es\/equipo\/","name":"Equipo - Fedeco","isPartOf":{"@id":"https:\/\/fedeco.eu\/#website"},"primaryImageOfPage":{"@id":"https:\/\/fedeco.eu\/es\/equipo\/#primaryimage"},"image":{"@id":"https:\/\/fedeco.eu\/es\/equipo\/#primaryimage"},"thumbnailUrl":"https:\/\/fedeco.eu\/wp-content\/uploads\/2020\/10\/teamkopie.jpg","datePublished":"2020-09-01T17:58:40+00:00","dateModified":"2021-01-25T15:09:12+00:00","description":"Fedeco es una aut\u00e9ntica empresa familiar con una marcada pol\u00edtica a largo plazo. Atribuimos una gran importancia a nuestras relaciones de muchos a\u00f1os con los clientes y proveedores.","breadcrumb":{"@id":"https:\/\/fedeco.eu\/es\/equipo\/#breadcrumb"},"inLanguage":"es","potentialAction":[{"@type":"ReadAction","target":["https:\/\/fedeco.eu\/es\/equipo\/"]}]},{"@type":"ImageObject","inLanguage":"es","@id":"https:\/\/fedeco.eu\/es\/equipo\/#primaryimage","url":"https:\/\/fedeco.eu\/wp-content\/uploads\/2020\/10\/teamkopie.jpg","contentUrl":"https:\/\/fedeco.eu\/wp-content\/uploads\/2020\/10\/teamkopie.jpg","width":2560,"height":1120},{"@type":"BreadcrumbList","@id":"https:\/\/fedeco.eu\/es\/equipo\/#breadcrumb","itemListElement":[{"@type":"ListItem","position":1,"name":"Home","item":"https:\/\/fedeco.eu\/es\/"},{"@type":"ListItem","position":2,"name":"Equipo"}]},{"@type":"WebSite","@id":"https:\/\/fedeco.eu\/#website","url":"https:\/\/fedeco.eu\/","name":"Fedeco","description":"In food we trust","potentialAction":[{"@type":"SearchAction","target":{"@type":"EntryPoint","urlTemplate":"https:\/\/fedeco.eu\/?s={search_term_string}"},"query-input":{"@type":"PropertyValueSpecification","valueRequired":true,"valueName":"search_term_string"}}],"inLanguage":"es"}]}},"_links":{"self":[{"href":"https:\/\/fedeco.eu\/es\/wp-json\/wp\/v2\/pages\/1578","targetHints":{"allow":["GET"]}}],"collection":[{"href":"https:\/\/fedeco.eu\/es\/wp-json\/wp\/v2\/pages"}],"about":[{"href":"https:\/\/fedeco.eu\/es\/wp-json\/wp\/v2\/types\/page"}],"author":[{"embeddable":true,"href":"https:\/\/fedeco.eu\/es\/wp-json\/wp\/v2\/users\/1"}],"replies":[{"embeddable":true,"href":"https:\/\/fedeco.eu\/es\/wp-json\/wp\/v2\/comments?post=1578"}],"version-history":[{"count":4,"href":"https:\/\/fedeco.eu\/es\/wp-json\/wp\/v2\/pages\/1578\/revisions"}],"predecessor-version":[{"id":2721,"href":"https:\/\/fedeco.eu\/es\/wp-json\/wp\/v2\/pages\/1578\/revisions\/2721"}],"wp:featuredmedia":[{"embeddable":true,"href":"https:\/\/fedeco.eu\/es\/wp-json\/wp\/v2\/media\/1588"}],"wp:attachment":[{"href":"https:\/\/fedeco.eu\/es\/wp-json\/wp\/v2\/media?parent=1578"}],"curies":[{"name":"wp","href":"https:\/\/api.w.org\/{rel}","templated":true}]}}