{"id":2090,"date":"2020-09-01T17:54:40","date_gmt":"2020-09-01T15:54:40","guid":{"rendered":"https:\/\/fedeco.eu\/how-we-work\/"},"modified":"2021-01-25T17:07:54","modified_gmt":"2021-01-25T15:07:54","slug":"nuestra-forma-de-trabajar","status":"publish","type":"page","link":"https:\/\/fedeco.eu\/es\/nuestra-forma-de-trabajar\/","title":{"rendered":"Nuestra forma de trabajar"},"content":{"rendered":"<h2>Orgullosos del origen<\/h2>\n<p>Las mejores patatas para fre\u00edr del campo belga y holand\u00e9s, jugosas moras de Europa del Este, nuestras famosas coles de Bruselas, br\u00f3coli de Espa\u00f1a&#8230; Lo queremos oler, tocar y probar todo nosotros mismos. Solo trabajamos con proveedores reconocidos, con los que mantenemos una estrecha relaci\u00f3n. De este modo, en Fedeco nos aseguramos de que siempre reciba la mejor gama de alimentos congelados. A menudo, los lazos que nos unen a nuestros agricultores, productores y dem\u00e1s fabricantes de alimentos se remontan a muchos a\u00f1os atr\u00e1s. Nosotros mismos los visitamos frecuentemente. Juntos compartimos el mismo orgullo: nuestros clientes solo se merecen lo mejor. Cada producto que suministramos se puede trazar hasta su origen.<\/p>\n<h2>Involucrados en cada etapa<\/h2>\n<p>Estamos plenamente involucrados en todas las etapas. Nos preocupamos por que nuestros productos frescos congelados siempre le lleguen en las mejores condiciones. Los productos se congelan directamente en origen mediante un proceso de gran eficiencia, en estrecha colaboraci\u00f3n con socios cualificados. De este modo, cada producto fresco conserva su excelente calidad. Lo garantizamos con nuestros propios controles estrictos.<\/p>\n<p>Podemos envasar los productos frescos congelados en funci\u00f3n de sus especificaciones. Hablamos de envases para la gran distribuci\u00f3n o de formatos para la restauraci\u00f3n, tanto bajo su propia marca blanca como una de nuestras reconocidas marcas: Fedeco se lo arregla de principio a fin. \u00a1Podemos atender cualquier necesidad!<\/p>\n<h2>Transporte del campo al centro de distribuci\u00f3n<\/h2>\n<p>Entregamos cada producto fresco congelado en condiciones \u00f3ptimas en el puerto mar\u00edtimo de su elecci\u00f3n o en la puerta de su centro de distribuci\u00f3n, directamente del campo. Lo hacemos en el envase y en las condiciones de transporte que usted elija. Junto con usted, determinamos las condiciones del transporte. Todo es posible.<\/p>\n<p>Seleccionamos meticulosamente a nuestros transportistas, premiando la calidad y la fiabilidad. Todos los env\u00edos se realizan a temperatura controlada, de principio a fin. La cadena de fr\u00edo no se interrumpe en ning\u00fan momento. Somos capaces de seguir y rastrear de cerca cada una de las rutas. De este modo, sabemos en todo momento en qu\u00e9 punto de la cadena log\u00edstica se encuentra su env\u00edo y podemos informarle cu\u00e1ndo le llegar\u00e1.<\/p>\n<p>Velamos personalmente por que cada env\u00edo vaya acompa\u00f1ado de los documentos aduaneros y certificados (fitosanitarios) correctos. As\u00ed es como evitamos cualquier sorpresa en el trayecto. Si la cadena log\u00edstica peligra por alguna incidencia inesperada, actuamos inmediatamente. Todo con el objetivo de brindarle el mejor servicio, en todo momento.<\/p>\n","protected":false},"excerpt":{"rendered":"<p>Tanto si es una cadena de distribuci\u00f3n como si se mueve en el \u00e1mbito de la restauraci\u00f3n: Fedeco es su socio en todo el trayecto, desde el origen hasta la entrega. Nuestro equipo se compone de profesionales con pasi\u00f3n y un profundo conocimiento de la alimentaci\u00f3n y la log\u00edstica. Con nosotros, cada etapa est\u00e1 en manos seguras y se puede rastrear en todo momento. La calidad, la seguridad alimentaria y la sostenibilidad son inseparables. Nos aseguramos personalmente de que cada env\u00edo vaya acompa\u00f1ado de los documentos aduaneros y certificados fitosanitarios correctos. Todo con el objetivo de proporcionarle una amplia gama de excelentes productos frescos congelados, siempre en el momento justo.<\/p>\n","protected":false},"author":1,"featured_media":2762,"parent":0,"menu_order":20,"comment_status":"closed","ping_status":"closed","template":"","meta":{"inline_featured_image":false,"footnotes":""},"class_list":["post-2090","page","type-page","status-publish","has-post-thumbnail","hentry"],"yoast_head":"<!-- This site is optimized with the Yoast SEO plugin v27.3 - https:\/\/yoast.com\/product\/yoast-seo-wordpress\/ -->\n<title>Nuestra forma de trabajar - Fedeco<\/title>\n<meta name=\"description\" content=\"Tanto si es una cadena de distribuci\u00f3n como si se mueve en el \u00e1mbito de la restauraci\u00f3n: Fedeco es su socio en todo el trayecto, desde el origen hasta la entrega.\" \/>\n<meta name=\"robots\" content=\"index, follow, max-snippet:-1, max-image-preview:large, max-video-preview:-1\" \/>\n<link rel=\"canonical\" href=\"https:\/\/fedeco.eu\/es\/nuestra-forma-de-trabajar\/\" \/>\n<meta property=\"og:locale\" content=\"es_ES\" \/>\n<meta property=\"og:type\" content=\"article\" \/>\n<meta property=\"og:title\" content=\"Nuestra forma de trabajar - Fedeco\" \/>\n<meta property=\"og:description\" content=\"Tanto si es una cadena de distribuci\u00f3n como si se mueve en el \u00e1mbito de la restauraci\u00f3n: Fedeco es su socio en todo el trayecto, desde el origen hasta la entrega.\" \/>\n<meta property=\"og:url\" content=\"https:\/\/fedeco.eu\/es\/nuestra-forma-de-trabajar\/\" \/>\n<meta property=\"og:site_name\" content=\"Fedeco\" \/>\n<meta property=\"article:modified_time\" content=\"2021-01-25T15:07:54+00:00\" \/>\n<meta property=\"og:image\" content=\"https:\/\/fedeco.eu\/wp-content\/uploads\/2020\/12\/Fedeco_agristo_foto_bewerkt--scaled.jpg\" \/>\n\t<meta property=\"og:image:width\" content=\"2560\" \/>\n\t<meta property=\"og:image:height\" content=\"1810\" \/>\n\t<meta property=\"og:image:type\" content=\"image\/jpeg\" \/>\n<meta name=\"twitter:card\" content=\"summary_large_image\" \/>\n<meta name=\"twitter:label1\" content=\"Tiempo de lectura\" \/>\n\t<meta name=\"twitter:data1\" content=\"2 minutos\" \/>\n<script type=\"application\/ld+json\" class=\"yoast-schema-graph\">{\"@context\":\"https:\\\/\\\/schema.org\",\"@graph\":[{\"@type\":\"WebPage\",\"@id\":\"https:\\\/\\\/fedeco.eu\\\/es\\\/nuestra-forma-de-trabajar\\\/\",\"url\":\"https:\\\/\\\/fedeco.eu\\\/es\\\/nuestra-forma-de-trabajar\\\/\",\"name\":\"Nuestra forma de trabajar - Fedeco\",\"isPartOf\":{\"@id\":\"https:\\\/\\\/fedeco.eu\\\/#website\"},\"primaryImageOfPage\":{\"@id\":\"https:\\\/\\\/fedeco.eu\\\/es\\\/nuestra-forma-de-trabajar\\\/#primaryimage\"},\"image\":{\"@id\":\"https:\\\/\\\/fedeco.eu\\\/es\\\/nuestra-forma-de-trabajar\\\/#primaryimage\"},\"thumbnailUrl\":\"https:\\\/\\\/fedeco.eu\\\/wp-content\\\/uploads\\\/2020\\\/12\\\/Fedeco_agristo_foto_bewerkt--scaled.jpg\",\"datePublished\":\"2020-09-01T15:54:40+00:00\",\"dateModified\":\"2021-01-25T15:07:54+00:00\",\"description\":\"Tanto si es una cadena de distribuci\u00f3n como si se mueve en el \u00e1mbito de la restauraci\u00f3n: Fedeco es su socio en todo el trayecto, desde el origen hasta la entrega.\",\"breadcrumb\":{\"@id\":\"https:\\\/\\\/fedeco.eu\\\/es\\\/nuestra-forma-de-trabajar\\\/#breadcrumb\"},\"inLanguage\":\"es\",\"potentialAction\":[{\"@type\":\"ReadAction\",\"target\":[\"https:\\\/\\\/fedeco.eu\\\/es\\\/nuestra-forma-de-trabajar\\\/\"]}]},{\"@type\":\"ImageObject\",\"inLanguage\":\"es\",\"@id\":\"https:\\\/\\\/fedeco.eu\\\/es\\\/nuestra-forma-de-trabajar\\\/#primaryimage\",\"url\":\"https:\\\/\\\/fedeco.eu\\\/wp-content\\\/uploads\\\/2020\\\/12\\\/Fedeco_agristo_foto_bewerkt--scaled.jpg\",\"contentUrl\":\"https:\\\/\\\/fedeco.eu\\\/wp-content\\\/uploads\\\/2020\\\/12\\\/Fedeco_agristo_foto_bewerkt--scaled.jpg\",\"width\":2560,\"height\":1810},{\"@type\":\"BreadcrumbList\",\"@id\":\"https:\\\/\\\/fedeco.eu\\\/es\\\/nuestra-forma-de-trabajar\\\/#breadcrumb\",\"itemListElement\":[{\"@type\":\"ListItem\",\"position\":1,\"name\":\"Home\",\"item\":\"https:\\\/\\\/fedeco.eu\\\/es\\\/\"},{\"@type\":\"ListItem\",\"position\":2,\"name\":\"Nuestra forma de trabajar\"}]},{\"@type\":\"WebSite\",\"@id\":\"https:\\\/\\\/fedeco.eu\\\/#website\",\"url\":\"https:\\\/\\\/fedeco.eu\\\/\",\"name\":\"Fedeco\",\"description\":\"In food we trust\",\"potentialAction\":[{\"@type\":\"SearchAction\",\"target\":{\"@type\":\"EntryPoint\",\"urlTemplate\":\"https:\\\/\\\/fedeco.eu\\\/?s={search_term_string}\"},\"query-input\":{\"@type\":\"PropertyValueSpecification\",\"valueRequired\":true,\"valueName\":\"search_term_string\"}}],\"inLanguage\":\"es\"}]}<\/script>\n<!-- \/ Yoast SEO plugin. -->","yoast_head_json":{"title":"Nuestra forma de trabajar - Fedeco","description":"Tanto si es una cadena de distribuci\u00f3n como si se mueve en el \u00e1mbito de la restauraci\u00f3n: Fedeco es su socio en todo el trayecto, desde el origen hasta la entrega.","robots":{"index":"index","follow":"follow","max-snippet":"max-snippet:-1","max-image-preview":"max-image-preview:large","max-video-preview":"max-video-preview:-1"},"canonical":"https:\/\/fedeco.eu\/es\/nuestra-forma-de-trabajar\/","og_locale":"es_ES","og_type":"article","og_title":"Nuestra forma de trabajar - Fedeco","og_description":"Tanto si es una cadena de distribuci\u00f3n como si se mueve en el \u00e1mbito de la restauraci\u00f3n: Fedeco es su socio en todo el trayecto, desde el origen hasta la entrega.","og_url":"https:\/\/fedeco.eu\/es\/nuestra-forma-de-trabajar\/","og_site_name":"Fedeco","article_modified_time":"2021-01-25T15:07:54+00:00","og_image":[{"width":2560,"height":1810,"url":"https:\/\/fedeco.eu\/wp-content\/uploads\/2020\/12\/Fedeco_agristo_foto_bewerkt--scaled.jpg","type":"image\/jpeg"}],"twitter_card":"summary_large_image","twitter_misc":{"Tiempo de lectura":"2 minutos"},"schema":{"@context":"https:\/\/schema.org","@graph":[{"@type":"WebPage","@id":"https:\/\/fedeco.eu\/es\/nuestra-forma-de-trabajar\/","url":"https:\/\/fedeco.eu\/es\/nuestra-forma-de-trabajar\/","name":"Nuestra forma de trabajar - Fedeco","isPartOf":{"@id":"https:\/\/fedeco.eu\/#website"},"primaryImageOfPage":{"@id":"https:\/\/fedeco.eu\/es\/nuestra-forma-de-trabajar\/#primaryimage"},"image":{"@id":"https:\/\/fedeco.eu\/es\/nuestra-forma-de-trabajar\/#primaryimage"},"thumbnailUrl":"https:\/\/fedeco.eu\/wp-content\/uploads\/2020\/12\/Fedeco_agristo_foto_bewerkt--scaled.jpg","datePublished":"2020-09-01T15:54:40+00:00","dateModified":"2021-01-25T15:07:54+00:00","description":"Tanto si es una cadena de distribuci\u00f3n como si se mueve en el \u00e1mbito de la restauraci\u00f3n: Fedeco es su socio en todo el trayecto, desde el origen hasta la entrega.","breadcrumb":{"@id":"https:\/\/fedeco.eu\/es\/nuestra-forma-de-trabajar\/#breadcrumb"},"inLanguage":"es","potentialAction":[{"@type":"ReadAction","target":["https:\/\/fedeco.eu\/es\/nuestra-forma-de-trabajar\/"]}]},{"@type":"ImageObject","inLanguage":"es","@id":"https:\/\/fedeco.eu\/es\/nuestra-forma-de-trabajar\/#primaryimage","url":"https:\/\/fedeco.eu\/wp-content\/uploads\/2020\/12\/Fedeco_agristo_foto_bewerkt--scaled.jpg","contentUrl":"https:\/\/fedeco.eu\/wp-content\/uploads\/2020\/12\/Fedeco_agristo_foto_bewerkt--scaled.jpg","width":2560,"height":1810},{"@type":"BreadcrumbList","@id":"https:\/\/fedeco.eu\/es\/nuestra-forma-de-trabajar\/#breadcrumb","itemListElement":[{"@type":"ListItem","position":1,"name":"Home","item":"https:\/\/fedeco.eu\/es\/"},{"@type":"ListItem","position":2,"name":"Nuestra forma de trabajar"}]},{"@type":"WebSite","@id":"https:\/\/fedeco.eu\/#website","url":"https:\/\/fedeco.eu\/","name":"Fedeco","description":"In food we trust","potentialAction":[{"@type":"SearchAction","target":{"@type":"EntryPoint","urlTemplate":"https:\/\/fedeco.eu\/?s={search_term_string}"},"query-input":{"@type":"PropertyValueSpecification","valueRequired":true,"valueName":"search_term_string"}}],"inLanguage":"es"}]}},"_links":{"self":[{"href":"https:\/\/fedeco.eu\/es\/wp-json\/wp\/v2\/pages\/2090","targetHints":{"allow":["GET"]}}],"collection":[{"href":"https:\/\/fedeco.eu\/es\/wp-json\/wp\/v2\/pages"}],"about":[{"href":"https:\/\/fedeco.eu\/es\/wp-json\/wp\/v2\/types\/page"}],"author":[{"embeddable":true,"href":"https:\/\/fedeco.eu\/es\/wp-json\/wp\/v2\/users\/1"}],"replies":[{"embeddable":true,"href":"https:\/\/fedeco.eu\/es\/wp-json\/wp\/v2\/comments?post=2090"}],"version-history":[{"count":3,"href":"https:\/\/fedeco.eu\/es\/wp-json\/wp\/v2\/pages\/2090\/revisions"}],"predecessor-version":[{"id":2415,"href":"https:\/\/fedeco.eu\/es\/wp-json\/wp\/v2\/pages\/2090\/revisions\/2415"}],"wp:featuredmedia":[{"embeddable":true,"href":"https:\/\/fedeco.eu\/es\/wp-json\/wp\/v2\/media\/2762"}],"wp:attachment":[{"href":"https:\/\/fedeco.eu\/es\/wp-json\/wp\/v2\/media?parent=2090"}],"curies":[{"name":"wp","href":"https:\/\/api.w.org\/{rel}","templated":true}]}}