{"id":145,"date":"2020-09-01T17:59:06","date_gmt":"2020-09-01T17:59:06","guid":{"rendered":"https:\/\/fedeco.eu\/?page_id=145"},"modified":"2021-01-25T16:58:54","modified_gmt":"2021-01-25T14:58:54","slug":"equipe","status":"publish","type":"page","link":"https:\/\/fedeco.eu\/fr\/equipe\/","title":{"rendered":"\u00c9quipe"},"content":{"rendered":"<p>Fedeco est une v\u00e9ritable entreprise familiale o\u00f9 le long terme est essentiel. Nous attachons une grande importance \u00e0 nos relations de longue date avec nos clients et fournisseurs. Ensemble, nous faisons plus de choses que par nous-m\u00eames. Notre \u00e9quipe soud\u00e9e est compos\u00e9e de professionnels ayant des connaissances approfondies et une passion pour l&rsquo;alimentation et la logistique. Nous nous engageons de tout c\u0153ur dans vos activit\u00e9s quotidiennes. Mais nous sommes aussi constamment tourn\u00e9s vers l&rsquo;avenir. Nous suivons de pr\u00e8s les tendances alimentaires internationales et les traduisons de mani\u00e8re proactive dans nos services. Nous pr\u00e9sentons r\u00e9guli\u00e8rement nos propres innovations de produits, afin que vous puissiez r\u00e9pondre encore mieux aux souhaits des consommateurs d&rsquo;aujourd&rsquo;hui et de demain.<\/p>\n","protected":false},"excerpt":{"rendered":"<p>Fedeco est une v\u00e9ritable entreprise familiale o\u00f9 le long terme est essentiel. Nous attachons une grande importance \u00e0 nos relations de longue date avec nos clients et fournisseurs. Ensemble, nous faisons plus de choses que par nous-m\u00eames. Notre \u00e9quipe soud\u00e9e est compos\u00e9e de professionnels ayant des connaissances approfondies et une passion pour l&rsquo;alimentation et la<\/p>\n","protected":false},"author":1,"featured_media":919,"parent":0,"menu_order":40,"comment_status":"closed","ping_status":"closed","template":"templates\/template-team.php","meta":{"inline_featured_image":false,"footnotes":""},"class_list":["post-145","page","type-page","status-publish","has-post-thumbnail","hentry"],"yoast_head":"<!-- This site is optimized with the Yoast SEO plugin v27.3 - https:\/\/yoast.com\/product\/yoast-seo-wordpress\/ -->\n<title>\u00c9quipe - Fedeco<\/title>\n<meta name=\"description\" content=\"Fedeco est une v\u00e9ritable entreprise familiale o\u00f9 le long terme est essentiel. Nous attachons une grande importance \u00e0 nos relations de longue date avec nos clients et fournisseurs.\" \/>\n<meta name=\"robots\" content=\"index, follow, max-snippet:-1, max-image-preview:large, max-video-preview:-1\" \/>\n<link rel=\"canonical\" href=\"https:\/\/fedeco.eu\/fr\/equipe\/\" \/>\n<meta property=\"og:locale\" content=\"fr_FR\" \/>\n<meta property=\"og:type\" content=\"article\" \/>\n<meta property=\"og:title\" content=\"\u00c9quipe - Fedeco\" \/>\n<meta property=\"og:description\" content=\"Fedeco est une v\u00e9ritable entreprise familiale o\u00f9 le long terme est essentiel. Nous attachons une grande importance \u00e0 nos relations de longue date avec nos clients et fournisseurs.\" \/>\n<meta property=\"og:url\" content=\"https:\/\/fedeco.eu\/fr\/equipe\/\" \/>\n<meta property=\"og:site_name\" content=\"Fedeco\" \/>\n<meta property=\"article:modified_time\" content=\"2021-01-25T14:58:54+00:00\" \/>\n<meta property=\"og:image\" content=\"https:\/\/fedeco.eu\/wp-content\/uploads\/2020\/10\/teamkopie.jpg\" \/>\n\t<meta property=\"og:image:width\" content=\"2560\" \/>\n\t<meta property=\"og:image:height\" content=\"1120\" \/>\n\t<meta property=\"og:image:type\" content=\"image\/jpeg\" \/>\n<meta name=\"twitter:card\" content=\"summary_large_image\" \/>\n<meta name=\"twitter:label1\" content=\"Dur\u00e9e de lecture estim\u00e9e\" \/>\n\t<meta name=\"twitter:data1\" content=\"1 minute\" \/>\n<script type=\"application\/ld+json\" class=\"yoast-schema-graph\">{\"@context\":\"https:\\\/\\\/schema.org\",\"@graph\":[{\"@type\":\"WebPage\",\"@id\":\"https:\\\/\\\/fedeco.eu\\\/fr\\\/equipe\\\/\",\"url\":\"https:\\\/\\\/fedeco.eu\\\/fr\\\/equipe\\\/\",\"name\":\"\u00c9quipe - Fedeco\",\"isPartOf\":{\"@id\":\"https:\\\/\\\/fedeco.eu\\\/#website\"},\"primaryImageOfPage\":{\"@id\":\"https:\\\/\\\/fedeco.eu\\\/fr\\\/equipe\\\/#primaryimage\"},\"image\":{\"@id\":\"https:\\\/\\\/fedeco.eu\\\/fr\\\/equipe\\\/#primaryimage\"},\"thumbnailUrl\":\"https:\\\/\\\/fedeco.eu\\\/wp-content\\\/uploads\\\/2020\\\/10\\\/teamkopie.jpg\",\"datePublished\":\"2020-09-01T17:59:06+00:00\",\"dateModified\":\"2021-01-25T14:58:54+00:00\",\"description\":\"Fedeco est une v\u00e9ritable entreprise familiale o\u00f9 le long terme est essentiel. Nous attachons une grande importance \u00e0 nos relations de longue date avec nos clients et fournisseurs.\",\"breadcrumb\":{\"@id\":\"https:\\\/\\\/fedeco.eu\\\/fr\\\/equipe\\\/#breadcrumb\"},\"inLanguage\":\"fr-FR\",\"potentialAction\":[{\"@type\":\"ReadAction\",\"target\":[\"https:\\\/\\\/fedeco.eu\\\/fr\\\/equipe\\\/\"]}]},{\"@type\":\"ImageObject\",\"inLanguage\":\"fr-FR\",\"@id\":\"https:\\\/\\\/fedeco.eu\\\/fr\\\/equipe\\\/#primaryimage\",\"url\":\"https:\\\/\\\/fedeco.eu\\\/wp-content\\\/uploads\\\/2020\\\/10\\\/teamkopie.jpg\",\"contentUrl\":\"https:\\\/\\\/fedeco.eu\\\/wp-content\\\/uploads\\\/2020\\\/10\\\/teamkopie.jpg\",\"width\":2560,\"height\":1120},{\"@type\":\"BreadcrumbList\",\"@id\":\"https:\\\/\\\/fedeco.eu\\\/fr\\\/equipe\\\/#breadcrumb\",\"itemListElement\":[{\"@type\":\"ListItem\",\"position\":1,\"name\":\"Home\",\"item\":\"https:\\\/\\\/fedeco.eu\\\/fr\\\/\"},{\"@type\":\"ListItem\",\"position\":2,\"name\":\"\u00c9quipe\"}]},{\"@type\":\"WebSite\",\"@id\":\"https:\\\/\\\/fedeco.eu\\\/#website\",\"url\":\"https:\\\/\\\/fedeco.eu\\\/\",\"name\":\"Fedeco\",\"description\":\"In food we trust\",\"potentialAction\":[{\"@type\":\"SearchAction\",\"target\":{\"@type\":\"EntryPoint\",\"urlTemplate\":\"https:\\\/\\\/fedeco.eu\\\/?s={search_term_string}\"},\"query-input\":{\"@type\":\"PropertyValueSpecification\",\"valueRequired\":true,\"valueName\":\"search_term_string\"}}],\"inLanguage\":\"fr-FR\"}]}<\/script>\n<!-- \/ Yoast SEO plugin. -->","yoast_head_json":{"title":"\u00c9quipe - Fedeco","description":"Fedeco est une v\u00e9ritable entreprise familiale o\u00f9 le long terme est essentiel. Nous attachons une grande importance \u00e0 nos relations de longue date avec nos clients et fournisseurs.","robots":{"index":"index","follow":"follow","max-snippet":"max-snippet:-1","max-image-preview":"max-image-preview:large","max-video-preview":"max-video-preview:-1"},"canonical":"https:\/\/fedeco.eu\/fr\/equipe\/","og_locale":"fr_FR","og_type":"article","og_title":"\u00c9quipe - Fedeco","og_description":"Fedeco est une v\u00e9ritable entreprise familiale o\u00f9 le long terme est essentiel. Nous attachons une grande importance \u00e0 nos relations de longue date avec nos clients et fournisseurs.","og_url":"https:\/\/fedeco.eu\/fr\/equipe\/","og_site_name":"Fedeco","article_modified_time":"2021-01-25T14:58:54+00:00","og_image":[{"width":2560,"height":1120,"url":"https:\/\/fedeco.eu\/wp-content\/uploads\/2020\/10\/teamkopie.jpg","type":"image\/jpeg"}],"twitter_card":"summary_large_image","twitter_misc":{"Dur\u00e9e de lecture estim\u00e9e":"1 minute"},"schema":{"@context":"https:\/\/schema.org","@graph":[{"@type":"WebPage","@id":"https:\/\/fedeco.eu\/fr\/equipe\/","url":"https:\/\/fedeco.eu\/fr\/equipe\/","name":"\u00c9quipe - Fedeco","isPartOf":{"@id":"https:\/\/fedeco.eu\/#website"},"primaryImageOfPage":{"@id":"https:\/\/fedeco.eu\/fr\/equipe\/#primaryimage"},"image":{"@id":"https:\/\/fedeco.eu\/fr\/equipe\/#primaryimage"},"thumbnailUrl":"https:\/\/fedeco.eu\/wp-content\/uploads\/2020\/10\/teamkopie.jpg","datePublished":"2020-09-01T17:59:06+00:00","dateModified":"2021-01-25T14:58:54+00:00","description":"Fedeco est une v\u00e9ritable entreprise familiale o\u00f9 le long terme est essentiel. Nous attachons une grande importance \u00e0 nos relations de longue date avec nos clients et fournisseurs.","breadcrumb":{"@id":"https:\/\/fedeco.eu\/fr\/equipe\/#breadcrumb"},"inLanguage":"fr-FR","potentialAction":[{"@type":"ReadAction","target":["https:\/\/fedeco.eu\/fr\/equipe\/"]}]},{"@type":"ImageObject","inLanguage":"fr-FR","@id":"https:\/\/fedeco.eu\/fr\/equipe\/#primaryimage","url":"https:\/\/fedeco.eu\/wp-content\/uploads\/2020\/10\/teamkopie.jpg","contentUrl":"https:\/\/fedeco.eu\/wp-content\/uploads\/2020\/10\/teamkopie.jpg","width":2560,"height":1120},{"@type":"BreadcrumbList","@id":"https:\/\/fedeco.eu\/fr\/equipe\/#breadcrumb","itemListElement":[{"@type":"ListItem","position":1,"name":"Home","item":"https:\/\/fedeco.eu\/fr\/"},{"@type":"ListItem","position":2,"name":"\u00c9quipe"}]},{"@type":"WebSite","@id":"https:\/\/fedeco.eu\/#website","url":"https:\/\/fedeco.eu\/","name":"Fedeco","description":"In food we trust","potentialAction":[{"@type":"SearchAction","target":{"@type":"EntryPoint","urlTemplate":"https:\/\/fedeco.eu\/?s={search_term_string}"},"query-input":{"@type":"PropertyValueSpecification","valueRequired":true,"valueName":"search_term_string"}}],"inLanguage":"fr-FR"}]}},"_links":{"self":[{"href":"https:\/\/fedeco.eu\/fr\/wp-json\/wp\/v2\/pages\/145","targetHints":{"allow":["GET"]}}],"collection":[{"href":"https:\/\/fedeco.eu\/fr\/wp-json\/wp\/v2\/pages"}],"about":[{"href":"https:\/\/fedeco.eu\/fr\/wp-json\/wp\/v2\/types\/page"}],"author":[{"embeddable":true,"href":"https:\/\/fedeco.eu\/fr\/wp-json\/wp\/v2\/users\/1"}],"replies":[{"embeddable":true,"href":"https:\/\/fedeco.eu\/fr\/wp-json\/wp\/v2\/comments?post=145"}],"version-history":[{"count":5,"href":"https:\/\/fedeco.eu\/fr\/wp-json\/wp\/v2\/pages\/145\/revisions"}],"predecessor-version":[{"id":2753,"href":"https:\/\/fedeco.eu\/fr\/wp-json\/wp\/v2\/pages\/145\/revisions\/2753"}],"wp:featuredmedia":[{"embeddable":true,"href":"https:\/\/fedeco.eu\/fr\/wp-json\/wp\/v2\/media\/919"}],"wp:attachment":[{"href":"https:\/\/fedeco.eu\/fr\/wp-json\/wp\/v2\/media?parent=145"}],"curies":[{"name":"wp","href":"https:\/\/api.w.org\/{rel}","templated":true}]}}