{"id":1581,"date":"2020-09-01T17:56:40","date_gmt":"2020-09-01T17:56:40","guid":{"rendered":"https:\/\/fedeco.eu\/onze-werkwijze\/"},"modified":"2021-01-25T17:05:21","modified_gmt":"2021-01-25T15:05:21","slug":"o-nosso-metodo-de-trabalho","status":"publish","type":"page","link":"https:\/\/fedeco.eu\/pt-pt\/o-nosso-metodo-de-trabalho\/","title":{"rendered":"O nosso m\u00e9todo de trabalho"},"content":{"rendered":"<h2>Orgulho da origem<\/h2>\n<p>As batatas ideais para fritar provindas dos campos belgas e holandeses, as amoras suculentas da Europa de Leste, as nossas mundialmente famosas couves-de-Bruxelas belgas, os br\u00f3colos de Espanha&#8230; Queremos ser capazes de cheirar, sentir e saborear todos os nossos produtos frescos. Trabalhamos apenas com fornecedores de qualidade que se encontram pr\u00f3ximos de n\u00f3s. Na Fedeco, sabemos com certeza que lhe fornecemos sempre a melhor gama de produtos ultracongelados. Mantemos frequentemente rela\u00e7\u00f5es com os nossos agricultores, cultivadores e outros produtores de alimentos durante muitos anos. E visitamo-los regularmente. Juntos partilhamos o orgulho de que s\u00f3 o melhor \u00e9 suficientemente bom. Todos os produtos que fornecemos podem ser seguidos at\u00e9 ao seu local de origem.<\/p>\n<h2>Envolvimento em cada etapa<\/h2>\n<p>O nosso elevado compromisso aplica-se a todas as etapas. Garantimos que os nossos produtos frescos ultracongelados chegam sempre at\u00e9 si em perfeitas condi\u00e7\u00f5es. O congelamento tem lugar diretamente na origem de acordo com um processo de alta qualidade, em estreita coopera\u00e7\u00e3o com parceiros qualificados. Cada produto fresco mant\u00e9m assim a sua melhor qualidade. Os nossos pr\u00f3prios controlos rigorosos s\u00e3o uma garantia adicional para isso mesmo.<\/p>\n<p>Embalamos os produtos frescos ultracongelados de acordo com as suas especifica\u00e7\u00f5es desejadas. Embalagens de retalho ou caixas de cart\u00e3o para a ind\u00fastria alimentar com a sua pr\u00f3pria marca ou atrav\u00e9s de uma das nossas marcas bem conhecidas: A Fedeco pode cuidar disso por si. Podemos satisfazer todos os desejos!<\/p>\n<h2>Transporte desde a origem at\u00e9 ao centro de distribui\u00e7\u00e3o<\/h2>\n<p>A partir da origem, entregamos todos os produtos frescos ultracongelados em perfeitas condi\u00e7\u00f5es no porto local da sua escolha ou diretamente no seu centro de distribui\u00e7\u00e3o. Tal \u00e9 feito na embalagem indicada por si e de acordo com as condi\u00e7\u00f5es de transporte que desejar. Determinamos as condi\u00e7\u00f5es de transporte depois de o consultar. Tudo \u00e9 poss\u00edvel.<\/p>\n<p>Selecionamos cuidadosamente as nossas transportadoras pela qualidade e fiabilidade. Todos os transportes s\u00e3o realizados com o controlo total da respetiva climatiza\u00e7\u00e3o. A cadeia de frio nunca \u00e9 interrompida. Atrav\u00e9s do sistema Track &amp; Trace, seguimos todos os trajetos de perto. Desta forma, sabemos sempre onde se encontra a sua encomenda na cadeia log\u00edstica e mantemo-lo atualizado sobre a data e hora de entrega da mesma.<\/p>\n<p>Asseguramos pessoalmente que cada remessa \u00e9 efetuada com os documentos alfandeg\u00e1rios e certificados (sanit\u00e1rios) corretos. Desta forma, evitamos a ocorr\u00eancia de surpresas pelo caminho. Se ocorrer algum problema na cadeia log\u00edstica, tomamos medidas imediatas. Tudo com o objetivo de lhe oferecer sempre o melhor servi\u00e7o poss\u00edvel.<\/p>\n","protected":false},"excerpt":{"rendered":"<p>Quer seja retalhista ou profissional da ind\u00fastria alimentar: A Fedeco \u00e9 a sua parceira durante todo o trajeto, desde o produtor \u00e0 entrega. A nossa equipa \u00e9 constitu\u00edda por profissionais motivados e com conhecimentos profundos sobre alimenta\u00e7\u00e3o e log\u00edstica. Connosco, cada passo \u00e9 dado com confian\u00e7a e \u00e9 sempre identific\u00e1vel. A qualidade, a seguran\u00e7a alimentar e a sustentabilidade andam de m\u00e3os dadas. Asseguramos pessoalmente que cada remessa \u00e9 efetuada com os documentos alfandeg\u00e1rios e certificados sanit\u00e1rios corretos. Tudo com o objetivo de lhe fornecer sempre uma vasta gama de produtos frescos ultracongelados de alta qualidade, de forma atempada.<\/p>\n","protected":false},"author":1,"featured_media":2761,"parent":0,"menu_order":20,"comment_status":"closed","ping_status":"closed","template":"","meta":{"inline_featured_image":false,"footnotes":""},"class_list":["post-1581","page","type-page","status-publish","has-post-thumbnail","hentry"],"yoast_head":"<!-- This site is optimized with the Yoast SEO plugin v27.3 - https:\/\/yoast.com\/product\/yoast-seo-wordpress\/ -->\n<title>O nosso m\u00e9todo de trabalho - Fedeco<\/title>\n<meta name=\"description\" content=\"Quer seja retalhista ou profissional da ind\u00fastria alimentar: A Fedeco \u00e9 a sua parceira durante todo o trajeto, desde o produtor \u00e0 entrega.\" \/>\n<meta name=\"robots\" content=\"index, follow, max-snippet:-1, max-image-preview:large, max-video-preview:-1\" \/>\n<link rel=\"canonical\" href=\"https:\/\/fedeco.eu\/pt-pt\/o-nosso-metodo-de-trabalho\/\" \/>\n<meta property=\"og:locale\" content=\"pt_PT\" \/>\n<meta property=\"og:type\" content=\"article\" \/>\n<meta property=\"og:title\" content=\"O nosso m\u00e9todo de trabalho - Fedeco\" \/>\n<meta property=\"og:description\" content=\"Quer seja retalhista ou profissional da ind\u00fastria alimentar: A Fedeco \u00e9 a sua parceira durante todo o trajeto, desde o produtor \u00e0 entrega.\" \/>\n<meta property=\"og:url\" content=\"https:\/\/fedeco.eu\/pt-pt\/o-nosso-metodo-de-trabalho\/\" \/>\n<meta property=\"og:site_name\" content=\"Fedeco\" \/>\n<meta property=\"article:modified_time\" content=\"2021-01-25T15:05:21+00:00\" \/>\n<meta property=\"og:image\" content=\"https:\/\/fedeco.eu\/wp-content\/uploads\/2020\/12\/Fedeco_agristo_foto_bewerkt--scaled.jpg\" \/>\n\t<meta property=\"og:image:width\" content=\"2560\" \/>\n\t<meta property=\"og:image:height\" content=\"1810\" \/>\n\t<meta property=\"og:image:type\" content=\"image\/jpeg\" \/>\n<meta name=\"twitter:card\" content=\"summary_large_image\" \/>\n<meta name=\"twitter:label1\" content=\"Tempo estimado de leitura\" \/>\n\t<meta name=\"twitter:data1\" content=\"2 minutos\" \/>\n<script type=\"application\/ld+json\" class=\"yoast-schema-graph\">{\"@context\":\"https:\\\/\\\/schema.org\",\"@graph\":[{\"@type\":\"WebPage\",\"@id\":\"https:\\\/\\\/fedeco.eu\\\/pt-pt\\\/o-nosso-metodo-de-trabalho\\\/\",\"url\":\"https:\\\/\\\/fedeco.eu\\\/pt-pt\\\/o-nosso-metodo-de-trabalho\\\/\",\"name\":\"O nosso m\u00e9todo de trabalho - Fedeco\",\"isPartOf\":{\"@id\":\"https:\\\/\\\/fedeco.eu\\\/#website\"},\"primaryImageOfPage\":{\"@id\":\"https:\\\/\\\/fedeco.eu\\\/pt-pt\\\/o-nosso-metodo-de-trabalho\\\/#primaryimage\"},\"image\":{\"@id\":\"https:\\\/\\\/fedeco.eu\\\/pt-pt\\\/o-nosso-metodo-de-trabalho\\\/#primaryimage\"},\"thumbnailUrl\":\"https:\\\/\\\/fedeco.eu\\\/wp-content\\\/uploads\\\/2020\\\/12\\\/Fedeco_agristo_foto_bewerkt--scaled.jpg\",\"datePublished\":\"2020-09-01T17:56:40+00:00\",\"dateModified\":\"2021-01-25T15:05:21+00:00\",\"description\":\"Quer seja retalhista ou profissional da ind\u00fastria alimentar: A Fedeco \u00e9 a sua parceira durante todo o trajeto, desde o produtor \u00e0 entrega.\",\"breadcrumb\":{\"@id\":\"https:\\\/\\\/fedeco.eu\\\/pt-pt\\\/o-nosso-metodo-de-trabalho\\\/#breadcrumb\"},\"inLanguage\":\"pt-PT\",\"potentialAction\":[{\"@type\":\"ReadAction\",\"target\":[\"https:\\\/\\\/fedeco.eu\\\/pt-pt\\\/o-nosso-metodo-de-trabalho\\\/\"]}]},{\"@type\":\"ImageObject\",\"inLanguage\":\"pt-PT\",\"@id\":\"https:\\\/\\\/fedeco.eu\\\/pt-pt\\\/o-nosso-metodo-de-trabalho\\\/#primaryimage\",\"url\":\"https:\\\/\\\/fedeco.eu\\\/wp-content\\\/uploads\\\/2020\\\/12\\\/Fedeco_agristo_foto_bewerkt--scaled.jpg\",\"contentUrl\":\"https:\\\/\\\/fedeco.eu\\\/wp-content\\\/uploads\\\/2020\\\/12\\\/Fedeco_agristo_foto_bewerkt--scaled.jpg\",\"width\":2560,\"height\":1810},{\"@type\":\"BreadcrumbList\",\"@id\":\"https:\\\/\\\/fedeco.eu\\\/pt-pt\\\/o-nosso-metodo-de-trabalho\\\/#breadcrumb\",\"itemListElement\":[{\"@type\":\"ListItem\",\"position\":1,\"name\":\"Home\",\"item\":\"https:\\\/\\\/fedeco.eu\\\/pt-pt\\\/\"},{\"@type\":\"ListItem\",\"position\":2,\"name\":\"O nosso m\u00e9todo de trabalho\"}]},{\"@type\":\"WebSite\",\"@id\":\"https:\\\/\\\/fedeco.eu\\\/#website\",\"url\":\"https:\\\/\\\/fedeco.eu\\\/\",\"name\":\"Fedeco\",\"description\":\"In food we trust\",\"potentialAction\":[{\"@type\":\"SearchAction\",\"target\":{\"@type\":\"EntryPoint\",\"urlTemplate\":\"https:\\\/\\\/fedeco.eu\\\/?s={search_term_string}\"},\"query-input\":{\"@type\":\"PropertyValueSpecification\",\"valueRequired\":true,\"valueName\":\"search_term_string\"}}],\"inLanguage\":\"pt-PT\"}]}<\/script>\n<!-- \/ Yoast SEO plugin. -->","yoast_head_json":{"title":"O nosso m\u00e9todo de trabalho - Fedeco","description":"Quer seja retalhista ou profissional da ind\u00fastria alimentar: A Fedeco \u00e9 a sua parceira durante todo o trajeto, desde o produtor \u00e0 entrega.","robots":{"index":"index","follow":"follow","max-snippet":"max-snippet:-1","max-image-preview":"max-image-preview:large","max-video-preview":"max-video-preview:-1"},"canonical":"https:\/\/fedeco.eu\/pt-pt\/o-nosso-metodo-de-trabalho\/","og_locale":"pt_PT","og_type":"article","og_title":"O nosso m\u00e9todo de trabalho - Fedeco","og_description":"Quer seja retalhista ou profissional da ind\u00fastria alimentar: A Fedeco \u00e9 a sua parceira durante todo o trajeto, desde o produtor \u00e0 entrega.","og_url":"https:\/\/fedeco.eu\/pt-pt\/o-nosso-metodo-de-trabalho\/","og_site_name":"Fedeco","article_modified_time":"2021-01-25T15:05:21+00:00","og_image":[{"width":2560,"height":1810,"url":"https:\/\/fedeco.eu\/wp-content\/uploads\/2020\/12\/Fedeco_agristo_foto_bewerkt--scaled.jpg","type":"image\/jpeg"}],"twitter_card":"summary_large_image","twitter_misc":{"Tempo estimado de leitura":"2 minutos"},"schema":{"@context":"https:\/\/schema.org","@graph":[{"@type":"WebPage","@id":"https:\/\/fedeco.eu\/pt-pt\/o-nosso-metodo-de-trabalho\/","url":"https:\/\/fedeco.eu\/pt-pt\/o-nosso-metodo-de-trabalho\/","name":"O nosso m\u00e9todo de trabalho - Fedeco","isPartOf":{"@id":"https:\/\/fedeco.eu\/#website"},"primaryImageOfPage":{"@id":"https:\/\/fedeco.eu\/pt-pt\/o-nosso-metodo-de-trabalho\/#primaryimage"},"image":{"@id":"https:\/\/fedeco.eu\/pt-pt\/o-nosso-metodo-de-trabalho\/#primaryimage"},"thumbnailUrl":"https:\/\/fedeco.eu\/wp-content\/uploads\/2020\/12\/Fedeco_agristo_foto_bewerkt--scaled.jpg","datePublished":"2020-09-01T17:56:40+00:00","dateModified":"2021-01-25T15:05:21+00:00","description":"Quer seja retalhista ou profissional da ind\u00fastria alimentar: A Fedeco \u00e9 a sua parceira durante todo o trajeto, desde o produtor \u00e0 entrega.","breadcrumb":{"@id":"https:\/\/fedeco.eu\/pt-pt\/o-nosso-metodo-de-trabalho\/#breadcrumb"},"inLanguage":"pt-PT","potentialAction":[{"@type":"ReadAction","target":["https:\/\/fedeco.eu\/pt-pt\/o-nosso-metodo-de-trabalho\/"]}]},{"@type":"ImageObject","inLanguage":"pt-PT","@id":"https:\/\/fedeco.eu\/pt-pt\/o-nosso-metodo-de-trabalho\/#primaryimage","url":"https:\/\/fedeco.eu\/wp-content\/uploads\/2020\/12\/Fedeco_agristo_foto_bewerkt--scaled.jpg","contentUrl":"https:\/\/fedeco.eu\/wp-content\/uploads\/2020\/12\/Fedeco_agristo_foto_bewerkt--scaled.jpg","width":2560,"height":1810},{"@type":"BreadcrumbList","@id":"https:\/\/fedeco.eu\/pt-pt\/o-nosso-metodo-de-trabalho\/#breadcrumb","itemListElement":[{"@type":"ListItem","position":1,"name":"Home","item":"https:\/\/fedeco.eu\/pt-pt\/"},{"@type":"ListItem","position":2,"name":"O nosso m\u00e9todo de trabalho"}]},{"@type":"WebSite","@id":"https:\/\/fedeco.eu\/#website","url":"https:\/\/fedeco.eu\/","name":"Fedeco","description":"In food we trust","potentialAction":[{"@type":"SearchAction","target":{"@type":"EntryPoint","urlTemplate":"https:\/\/fedeco.eu\/?s={search_term_string}"},"query-input":{"@type":"PropertyValueSpecification","valueRequired":true,"valueName":"search_term_string"}}],"inLanguage":"pt-PT"}]}},"_links":{"self":[{"href":"https:\/\/fedeco.eu\/pt-pt\/wp-json\/wp\/v2\/pages\/1581","targetHints":{"allow":["GET"]}}],"collection":[{"href":"https:\/\/fedeco.eu\/pt-pt\/wp-json\/wp\/v2\/pages"}],"about":[{"href":"https:\/\/fedeco.eu\/pt-pt\/wp-json\/wp\/v2\/types\/page"}],"author":[{"embeddable":true,"href":"https:\/\/fedeco.eu\/pt-pt\/wp-json\/wp\/v2\/users\/1"}],"replies":[{"embeddable":true,"href":"https:\/\/fedeco.eu\/pt-pt\/wp-json\/wp\/v2\/comments?post=1581"}],"version-history":[{"count":4,"href":"https:\/\/fedeco.eu\/pt-pt\/wp-json\/wp\/v2\/pages\/1581\/revisions"}],"predecessor-version":[{"id":2407,"href":"https:\/\/fedeco.eu\/pt-pt\/wp-json\/wp\/v2\/pages\/1581\/revisions\/2407"}],"wp:featuredmedia":[{"embeddable":true,"href":"https:\/\/fedeco.eu\/pt-pt\/wp-json\/wp\/v2\/media\/2761"}],"wp:attachment":[{"href":"https:\/\/fedeco.eu\/pt-pt\/wp-json\/wp\/v2\/media?parent=1581"}],"curies":[{"name":"wp","href":"https:\/\/api.w.org\/{rel}","templated":true}]}}